{"id":199,"date":"2016-02-18T22:27:21","date_gmt":"2016-02-18T22:27:21","guid":{"rendered":"http:\/\/paradigme-bm.uvvg.ro\/?page_id=199"},"modified":"2016-04-02T14:37:47","modified_gmt":"2016-04-02T14:37:47","slug":"an-iii-nr-3-2016","status":"publish","type":"page","link":"https:\/\/paradigme-bm.uvvg.ro\/index.php\/an-iii-nr-3-2016\/","title":{"rendered":"An III, nr. 3, 2016"},"content":{"rendered":"<h2 style=\"text-align: center;\">Paradigme universitare b\u0103im\u0103rene<\/h2>\n<h2 style=\"text-align: center;\"><strong>CUPRINS<\/strong><\/h2>\n<p style=\"text-align: center;\">\n<table id=\"tablepress-4\" class=\"tablepress tablepress-id-4 tbody-has-connected-cells\">\n<thead>\n<tr class=\"row-1\">\n\t<th class=\"column-1\">Autorul<\/th><th class=\"column-2\">Titlul<\/th><th class=\"column-3\">Pagina<\/th>\n<\/tr>\n<\/thead>\n<tbody class=\"row-striping row-hover\">\n<tr class=\"row-2\">\n\t<td colspan=\"2\" class=\"column-1\"><strong>I. GEOPOLITIC\u0102  &amp;  GEOSTRATEGIE <\/strong><\/td><td class=\"column-3\"><\/td>\n<\/tr>\n<tr class=\"row-3\">\n\t<td class=\"column-1\">Prof. dr. Iacob ALTMAN <\/td><td class=\"column-2\"><a href=\"http:\/\/paradigme-bm.uvvg.ro\/Articole\/Iacob ALTMAN nr 3'.pdf\" target=\"_blank\">Despre regionalizarea Rom\u00e2niei<\/a><\/td><td class=\"column-3\">5<\/td>\n<\/tr>\n<tr class=\"row-4\">\n\t<td class=\"column-1\">Cercet. \u0219t. dr. Constantin BUCHET<\/td><td class=\"column-2\"><a href=\"http:\/\/paradigme-bm.uvvg.ro\/Articole\/Constantin BUCHET nr 3'.pdf\" target=\"_blank\">Ordinea mondial\u0103 \u00e0 la chinoise. <br \/>\nDimensiuni geopolitice <\/a><\/td><td class=\"column-3\">15<\/td>\n<\/tr>\n<tr class=\"row-5\">\n\t<td class=\"column-1\">Prof.  univ.  dr.  Nicolae  IUGA<\/td><td class=\"column-2\"><a href=\"http:\/\/paradigme-bm.uvvg.ro\/Articole\/Nicolae IUGA nr 3'.pdf\" target=\"_blank\"> Importan\u021ba <br \/>\ngeopolitic\u0103 a ie\u0219irii Rom\u00e2niei la Marea Neagr\u0103<\/a><\/td><td class=\"column-3\">27<\/td>\n<\/tr>\n<tr class=\"row-6\">\n\t<td class=\"column-1\">Prof.  univ.  dr.  Viorel  POP<\/td><td class=\"column-2\"><a href=\"http:\/\/paradigme-bm.uvvg.ro\/Articole\/Viorel POP nr 3'.pdf\" target=\"_blank\"> Energia  \u0219i <br \/>\nevolu\u021biile geopolitice<\/a><\/td><td class=\"column-3\">39<\/td>\n<\/tr>\n<tr class=\"row-7\">\n\t<td class=\"column-1\">Lect. univ. dr. Ilie GHEREHE\u0218<\/td><td class=\"column-2\"><a href=\"http:\/\/paradigme-bm.uvvg.ro\/Articole\/Ilie GHERHE\u0218 nr 3'.pdf\" target=\"_blank\"><br \/>\nMaramure\u0219ul <br \/>\ndin dreapta Tisei (azi Ucraina) \u00een ecua\u021bia geostrategic\u0103 a zonei la sf\u00e2r\u0219itul primului r\u0103zboi <br \/>\nmondial.  Alegerile  parlamentare din noiembrie 1919<\/a><\/td><td class=\"column-3\">47<\/td>\n<\/tr>\n<tr class=\"row-8\">\n\t<td class=\"column-1\">Lect. univ. dr. Paul-R\u0103zvan \u0218ERBAN<\/td><td class=\"column-2\"><a href=\"http:\/\/paradigme-bm.uvvg.ro\/Articole\/Paul-Razvan SERBAN nr 3'.pdf\" target=\"_blank\"> De la <br \/>\nrealitatea decalajelor regionale la modelele mentale de dezvoltare teritorial\u0103 prin politicile <br \/>\nde coeziune \u0219i competitivitate<\/a><\/td><td class=\"column-3\">55<\/td>\n<\/tr>\n<tr class=\"row-9\">\n\t<td class=\"column-1\">Lect. univ. dr. Magnolia TILCA,  Prof. Meda BOJOR <\/td><td class=\"column-2\"><a href=\"http:\/\/paradigme-bm.uvvg.ro\/Articole\/Magnolia TILCA, Meda BOJOR nr 3'.pdf\" target=\"_blank\">Comunicare activ\u0103 online \u00een Politici publice<\/a><\/td><td class=\"column-3\">63<\/td>\n<\/tr>\n<tr class=\"row-10\">\n\t<td colspan=\"2\" class=\"column-1\"><strong>II. ESEURI &amp; MISCELLANEA <\/strong><\/td><td class=\"column-3\"><\/td>\n<\/tr>\n<tr class=\"row-11\">\n\t<td class=\"column-1\">Lect. univ. dr. Dan Ioan Bogdan<\/td><td class=\"column-2\"><a href=\"http:\/\/paradigme-bm.uvvg.ro\/Articole\/Dan Ioan BOGDAN nr 3'.pdf\" target=\"_blank\">Reconstruc\u021bia Geografiei. Rezultatele studiilor epistemologice \u2013 surse ale discontinuit\u0103\u0163ilor <br \/>\n\u00een modalit\u0103\u0163ile de concepere a cercet\u0103rilor \u015ftiin\u0163ifice<\/a><\/td><td class=\"column-3\">69<\/td>\n<\/tr>\n<tr class=\"row-12\">\n\t<td class=\"column-1\">Prof. univ. dr. Nicolae IUGA<\/td><td class=\"column-2\"><a href=\"http:\/\/paradigme-bm.uvvg.ro\/Articole\/Nicolae IUGA Lupul Dacic nr 3'.pdf\" target=\"_blank\">Lupul dacic, de <br \/>\nla stindard la arhetip <\/a><\/td><td class=\"column-3\">79<\/td>\n<\/tr>\n<tr class=\"row-13\">\n\t<td class=\"column-1\">Lect. univ. dr. Melinda BREBAN<\/td><td class=\"column-2\"><a href=\"http:\/\/paradigme-bm.uvvg.ro\/Articole\/Melinda BREBAN nr 3'.pdf\" target=\"_blank\"> Cercet\u0103ri <br \/>\ncalitative \u00een cadrul \u0219tiin\u021belor socio-umane. Metoda focus-grup<\/a><\/td><td class=\"column-3\">89<\/td>\n<\/tr>\n<tr class=\"row-14\">\n\t<td class=\"column-1\">Conf. univ. dr. Felicia SABOU <\/td><td class=\"column-2\"><a href=\"http:\/\/paradigme-bm.uvvg.ro\/Articole\/Felicia SABOU nr 3'.pdf\" target=\"_blank\"> Aspecte privind <br \/>\nfiscalitatea P. F. A. din Rom\u00e2nia \u00een anul 2016<\/a><\/td><td class=\"column-3\">95<\/td>\n<\/tr>\n<tr class=\"row-15\">\n\t<td class=\"column-1\">T\u0103nase-Ion  FILIP<\/td><td class=\"column-2\"><a href=\"http:\/\/paradigme-bm.uvvg.ro\/Articole\/Tanase \u2013 Ion FILIP nr 3'.pdf\" target=\"_blank\">Strategii  c\u00e2\u0219tig\u0103toare  \u00een <br \/>\ncampaniile electorale<\/a><\/td><td class=\"column-3\">101<\/td>\n<\/tr>\n<tr class=\"row-16\">\n\t<td class=\"column-1\">Lect. univ. dr. Daniela DUMA <\/td><td class=\"column-2\"><a href=\"http:\/\/paradigme-bm.uvvg.ro\/Articole\/Daniela DUMA nr 3'.pdf\" target=\"_blank\"> Cadrul natural <br \/>\n\u0219i elemente de turism \u00een Bazinul Some\u0219ului Rece<\/a><\/td><td class=\"column-3\">105<\/td>\n<\/tr>\n<tr class=\"row-17\">\n\t<td class=\"column-1\">Conf. univ. dr. ing. Mihaela \u015eTE\u0162, Lect. univ. dr. Daniela DUMA, Lect. univ.dr. Magnolia <br \/>\nTILCA,  Prof.  univ.  dr.  ing.  Viorel  POP<\/td><td class=\"column-2\"><a href=\"http:\/\/paradigme-bm.uvvg.ro\/Articole\/Mihaela \u015eTE\u0162, Daniela DUMA &amp; colectiv nr. 3'.pdf\" target=\"_blank\"> Management \u2013 Marketing. Ingineri \u0219i Economi\u0219ti<\/a><\/td><td class=\"column-3\">113<\/td>\n<\/tr>\n<tr class=\"row-18\">\n\t<td colspan=\"2\" class=\"column-1\"><strong>III. RECENZII  <\/strong><\/td><td class=\"column-3\"><\/td>\n<\/tr>\n<tr class=\"row-19\">\n\t<td class=\"column-1\">Lector univ. dr. Ilie GHERHE\u0218<\/td><td class=\"column-2\"><a href=\"http:\/\/paradigme-bm.uvvg.ro\/Articole\/Ilie GHERHES Mierea amintirilor nr 3'.pdf\" target=\"_blank\">Andrei Radu: <br \/>\nMierea amintirilor<\/a><\/td><td class=\"column-3\">125<\/td>\n<\/tr>\n<tr class=\"row-20\">\n\t<td class=\"column-1\">Gabriel COJOCARU<\/td><td class=\"column-2\"><a href=\"http:\/\/paradigme-bm.uvvg.ro\/Articole\/Gabriel COJOCARU nr 3'.pdf\" target=\"_blank\">O istorie original\u0103 a ideilor etice \u0219i <br \/>\npedagogice<\/a><\/td><td class=\"column-3\">131<\/td>\n<\/tr>\n<\/tbody>\n<\/table>\n<!-- #tablepress-4 from cache --><\/p>\n<p>&nbsp;<\/p>\n<p>&nbsp;<\/p>\n<p>&nbsp;<\/p>\n","protected":false},"excerpt":{"rendered":"<p>Paradigme universitare b\u0103im\u0103rene CUPRINS &nbsp; &nbsp; &nbsp;<\/p>\n","protected":false},"author":1,"featured_media":303,"parent":0,"menu_order":0,"comment_status":"closed","ping_status":"closed","template":"","meta":{"footnotes":"","_links_to":"","_links_to_target":""},"tags":[6,7],"class_list":["post-199","page","type-page","status-publish","has-post-thumbnail","hentry","tag-baia-mare","tag-paradigme-2016"],"_links":{"self":[{"href":"https:\/\/paradigme-bm.uvvg.ro\/index.php\/wp-json\/wp\/v2\/pages\/199","targetHints":{"allow":["GET"]}}],"collection":[{"href":"https:\/\/paradigme-bm.uvvg.ro\/index.php\/wp-json\/wp\/v2\/pages"}],"about":[{"href":"https:\/\/paradigme-bm.uvvg.ro\/index.php\/wp-json\/wp\/v2\/types\/page"}],"author":[{"embeddable":true,"href":"https:\/\/paradigme-bm.uvvg.ro\/index.php\/wp-json\/wp\/v2\/users\/1"}],"replies":[{"embeddable":true,"href":"https:\/\/paradigme-bm.uvvg.ro\/index.php\/wp-json\/wp\/v2\/comments?post=199"}],"version-history":[{"count":2,"href":"https:\/\/paradigme-bm.uvvg.ro\/index.php\/wp-json\/wp\/v2\/pages\/199\/revisions"}],"predecessor-version":[{"id":300,"href":"https:\/\/paradigme-bm.uvvg.ro\/index.php\/wp-json\/wp\/v2\/pages\/199\/revisions\/300"}],"wp:featuredmedia":[{"embeddable":true,"href":"https:\/\/paradigme-bm.uvvg.ro\/index.php\/wp-json\/wp\/v2\/media\/303"}],"wp:attachment":[{"href":"https:\/\/paradigme-bm.uvvg.ro\/index.php\/wp-json\/wp\/v2\/media?parent=199"}],"wp:term":[{"taxonomy":"post_tag","embeddable":true,"href":"https:\/\/paradigme-bm.uvvg.ro\/index.php\/wp-json\/wp\/v2\/tags?post=199"}],"curies":[{"name":"wp","href":"https:\/\/api.w.org\/{rel}","templated":true}]}}