{"id":20,"date":"2016-02-14T21:26:00","date_gmt":"2016-02-14T21:26:00","guid":{"rendered":"http:\/\/paradigme-bm.uvvg.ro\/?page_id=20"},"modified":"2016-02-23T12:05:51","modified_gmt":"2016-02-23T12:05:51","slug":"paradigme-nr-1","status":"publish","type":"page","link":"https:\/\/paradigme-bm.uvvg.ro\/index.php\/paradigme-nr-1\/","title":{"rendered":"An I, nr.1, 2014"},"content":{"rendered":"<h2 style=\"text-align: center;\">Paradigme universitare b\u0103im\u0103rene<\/h2>\n<h2 style=\"text-align: center;\"><strong>CUPRINS<\/strong><\/h2>\n<p style=\"text-align: center;\">\n<table id=\"tablepress-1\" class=\"tablepress tablepress-id-1 tbody-has-connected-cells\">\n<thead>\n<tr class=\"row-1\">\n\t<th class=\"column-1\">Autorul<\/th><th class=\"column-2\">Titlul<\/th><th class=\"column-3\">Pagina<\/th>\n<\/tr>\n<\/thead>\n<tbody class=\"row-striping row-hover\">\n<tr class=\"row-2\">\n\t<td colspan=\"2\" class=\"column-1\"><strong>A. Economie &amp; Informatic\u0103<\/strong><\/td><td class=\"column-3\">6<\/td>\n<\/tr>\n<tr class=\"row-3\">\n\t<td class=\"column-1\"> Prof. univ. dr. Viorel Pop, ec. Doina Pop<\/td><td class=\"column-2\"><a href=\"http:\/\/paradigme-bm.uvvg.ro\/Articole\/Viorel POP, Doina Viorica POP.pdf\"> Particularit\u0103\u0163i ale procesului de dezvoltare durabil\u0103 <\/a><\/td><td class=\"column-3\">7<\/td>\n<\/tr>\n<tr class=\"row-4\">\n\t<td class=\"column-1\"> Conf. univ. dr. Felicia Sabou<\/td><td class=\"column-2\"><a href=\"http:\/\/paradigme-bm.uvvg.ro\/Articole\/Felicia SABOU.pdf\" target=\"_blank\">Aspecte privind auditul activit\u0103\u0163ilor de Marketing<\/a><\/td><td class=\"column-3\">11<\/td>\n<\/tr>\n<tr class=\"row-5\">\n\t<td class=\"column-1\"> Lect. univ. dr. Cornel Al. Sabou<\/td><td class=\"column-2\"><a href=\"http:\/\/paradigme-bm.uvvg.ro\/Articole\/Cornel Al. SABOU.pdf\" target=\"_blank\">Importan\u0163a informa\u0163iei contabile \u00een institu\u0163ia de credit <\/a><\/td><td class=\"column-3\">13<\/td>\n<\/tr>\n<tr class=\"row-6\">\n\t<td class=\"column-1\"> Lect. univ. dr. Magnolia Tilca<\/td><td class=\"column-2\"><a href=\"http:\/\/paradigme-bm.uvvg.ro\/Articole\/Magnolia TILCA.pdf\" target=\"_blank\">20 de ani de Internet \u00een Rom\u00e2nia <\/a><\/td><td class=\"column-3\">16<\/td>\n<\/tr>\n<tr class=\"row-7\">\n\t<td colspan=\"2\" class=\"column-1\"><strong>B. Antropologie &amp; Sociologie<\/strong><\/td><td class=\"column-3\">21<\/td>\n<\/tr>\n<tr class=\"row-8\">\n\t<td class=\"column-1\">Prof. univ. dr. Gheorghe \u015ei\u015fe\u015ftean<\/td><td class=\"column-2\"><a href=\"http:\/\/paradigme-bm.uvvg.ro\/Articole\/Gheorghe SISESTEAN.pdf\" target=\"_blank\">Maramure\u015ful \u2013 \u00eentre tradi\u0163ie \u015fi deconstruc\u0163ie identitar\u0103<\/a><\/td><td class=\"column-3\">22<\/td>\n<\/tr>\n<tr class=\"row-9\">\n\t<td class=\"column-1\">Lect. univ. dr. Dan Ioan Bogdan<\/td><td class=\"column-2\"><a href=\"http:\/\/paradigme-bm.uvvg.ro\/Articole\/Ioan BOGDAN.pdf\" target=\"_blank\">Geometriile sacre \u00een Maramure\u015f<\/a><\/td><td class=\"column-3\">31<\/td>\n<\/tr>\n<tr class=\"row-10\">\n\t<td class=\"column-1\">Lect. univ. dr. Melinda Breban<\/td><td class=\"column-2\"><a href=\"http:\/\/paradigme-bm.uvvg.ro\/Articole\/Melinda BREBAN.pdf\" target=\"_blank\">Cauze \u015fi explica\u0163ii ale heterogamiei \u015fi homogamiei <\/a><\/td><td class=\"column-3\">39<\/td>\n<\/tr>\n<tr class=\"row-11\">\n\t<td colspan=\"2\" class=\"column-1\"><strong>C. Mediu &amp; Turism &amp; Istorie local\u0103<\/strong><\/td><td class=\"column-3\">44<\/td>\n<\/tr>\n<tr class=\"row-12\">\n\t<td class=\"column-1\">Conf. univ. dr. Octavian M\u00e2ndru\u0163<\/td><td class=\"column-2\"> <a href=\"http:\/\/paradigme-bm.uvvg.ro\/Articole\/Octavian MANDRUT.pdf\" target=\"_blank\">Integrarea Rom\u00e2niei \u00een UE: oportunit\u0103\u0163i \u015fi limite<\/a><\/td><td class=\"column-3\">45<\/td>\n<\/tr>\n<tr class=\"row-13\">\n\t<td class=\"column-1\"> Lect. univ. dr. Victor Cornel Faur<\/td><td class=\"column-2\"><a href=\"http:\/\/paradigme-bm.uvvg.ro\/Articole\/Victor Cornel FAUR.pdf\" target=\"_blank\">Scurt\u0103 privire asupra poten\u0163ialului turistic al Maramure\u015fului<\/a><\/td><td class=\"column-3\">54<\/td>\n<\/tr>\n<tr class=\"row-14\">\n\t<td class=\"column-1\"> Lect. univ. dr. Ilie Gherhe\u015f<\/td><td class=\"column-2\"><a href=\"http:\/\/paradigme-bm.uvvg.ro\/Articole\/Ilie GHERHES.pdf\" target=\"_blank\">\u0162ara Maramure\u015fului, c\u00e2teva preeminen\u0163e istorice na\u0163ionale<\/a><\/td><td class=\"column-3\">61<\/td>\n<\/tr>\n<tr class=\"row-15\">\n\t<td class=\"column-1\">Asist. univ. drd. Daniel Sanislai<\/td><td class=\"column-2\"><a href=\"http:\/\/paradigme-bm.uvvg.ro\/Articole\/Nicusor Daniel SANISLAI.pdf\" target=\"_blank\">Metode de analiz\u0103 a datelor hidrologice <\/a><\/td><td class=\"column-3\">64<\/td>\n<\/tr>\n<tr class=\"row-16\">\n\t<td colspan=\"2\" class=\"column-1\"><strong>D. Filosofie &amp; Comunicare<\/strong><\/td><td class=\"column-3\">68<\/td>\n<\/tr>\n<tr class=\"row-17\">\n\t<td class=\"column-1\">Conf. univ. dr. Nicolae Iuga<\/td><td class=\"column-2\"><a href=\"http:\/\/paradigme-bm.uvvg.ro\/Articole\/Nicolae IUGA.pdf\" target=\"_blank\">Se poate \u00eenv\u0103\u0163a oare Filosofia prin exemple<\/a><\/td><td class=\"column-3\">70<\/td>\n<\/tr>\n<tr class=\"row-18\">\n\t<td class=\"column-1\">Lect. univ. dr. Ioan Lesu\u0163an<\/td><td class=\"column-2\"> <a href=\"http:\/\/paradigme-bm.uvvg.ro\/Articole\/Ioan LESUTAN.pdf\" target=\"_blank\">Teoria competen\u0163ei comunicative la J. Habermas<\/a><\/td><td class=\"column-3\">74<\/td>\n<\/tr>\n<tr class=\"row-19\">\n\t<td class=\"column-1\">Asist. univ. dr. C\u0103lin Her\u0163eg<\/td><td class=\"column-2\"><a href=\"http:\/\/paradigme-bm.uvvg.ro\/Articole\/Calin HERTEG.pdf\" target=\"_blank\">Considera\u0163ii asupra percep\u0163iei \u00een istoria filosofiei<\/a><\/td><td class=\"column-3\">84<\/td>\n<\/tr>\n<tr class=\"row-20\">\n\t<td colspan=\"2\" class=\"column-1\"><strong>E. Medicin\u0103 &amp; Sport<\/strong><\/td><td class=\"column-3\">91<\/td>\n<\/tr>\n<tr class=\"row-21\">\n\t<td class=\"column-1\">Conf. univ. dr. C\u0103lin Pop<\/td><td class=\"column-2\"><a href=\"http:\/\/paradigme-bm.uvvg.ro\/Articole\/Antoniu PETRIS &amp; colab..pdf\" target=\"_blank\">Resuscitarea cardio-respiratorie \u00een \u015fcoal\u0103<\/a><\/td><td class=\"column-3\">92<\/td>\n<\/tr>\n<tr class=\"row-22\">\n\t<td class=\"column-1\">Asist. univ. dr. Nicolae Chirculescu<\/td><td class=\"column-2\"><a href=\"http:\/\/paradigme-bm.uvvg.ro\/Articole\/Nicolae CHIRCULESCU.pdf\" target=\"_blank\">Efectele sanogenetice ale sportului<\/a><\/td><td class=\"column-3\">103<\/td>\n<\/tr>\n<tr class=\"row-23\">\n\t<td colspan=\"2\" class=\"column-1\"><strong>F. Recenzii &amp; Miscellanea<\/strong><\/td><td class=\"column-3\">108<\/td>\n<\/tr>\n<tr class=\"row-24\">\n\t<td class=\"column-1\">Prof. univ dr. Ovidiu Pecican<\/td><td class=\"column-2\"><a href=\"http:\/\/paradigme-bm.uvvg.ro\/Articole\/Ovidiu PECICAN.pdf\" target=\"_blank\">Avalon. Goliarzii rom\u00e2ni<\/a><\/td><td class=\"column-3\">109<\/td>\n<\/tr>\n<tr class=\"row-25\">\n\t<td class=\"column-1\">Conf. univ. dr. Nicolae Iuga<\/td><td class=\"column-2\"><a href=\"http:\/\/paradigme-bm.uvvg.ro\/Articole\/Nicolae IUGA despre MICLEA.pdf\" target=\"_blank\">Un filosof neotomist rom\u00e2n<\/a><\/td><td class=\"column-3\">112<\/td>\n<\/tr>\n<tr class=\"row-26\">\n\t<td class=\"column-1\"> Prof. univ. dr. Ion MAC<\/td><td class=\"column-2\"><a href=\"http:\/\/paradigme-bm.uvvg.ro\/Articole\/Ion MAC.pdf\" target=\"_blank\">Recenzie - La o carte de reconstruc\u0163ie epistemologic\u0103<\/a><\/td><td class=\"column-3\">115<\/td>\n<\/tr>\n<tr class=\"row-27\">\n\t<td class=\"column-1\"> Lect. univ. dr. Ilie Gherhe\u015f<\/td><td class=\"column-2\"> <a href=\"http:\/\/paradigme-bm.uvvg.ro\/Articole\/Ilie GHERHES despre MADUTA.pdf\" target=\"_blank\">Cristian M\u0103du\u0163\u0103: Concep\u0163ia filosofic\u0103 a lui V. Goldi\u015f asupra Istoriei<\/a><\/td><td class=\"column-3\">118<\/td>\n<\/tr>\n<tr class=\"row-28\">\n\t<td class=\"column-1\">Dr. Iacob Altman<\/td><td class=\"column-2\"><a href=\"http:\/\/paradigme-bm.uvvg.ro\/Articole\/Iacob ALTMAN.pdf\" target=\"_blank\">Care este diferen\u0163a dintre Economie \u015fi Meteorologie? <\/a><\/td><td class=\"column-3\">121<\/td>\n<\/tr>\n<tr class=\"row-29\">\n\t<td class=\"column-1\">Prof. univ. dr. Viorel POP<\/td><td class=\"column-2\"><a href=\"http:\/\/paradigme-bm.uvvg.ro\/Articole\/Viorel POP.pdf\" target=\"_blank\">Simposionul \u015ftiin\u0163ific anual desf\u0103\u015furat la Baia Mare<\/a><\/td><td class=\"column-3\">124<\/td>\n<\/tr>\n<\/tbody>\n<\/table>\n<!-- #tablepress-1 from cache --><\/p>\n","protected":false},"excerpt":{"rendered":"<p>Paradigme universitare b\u0103im\u0103rene CUPRINS<\/p>\n","protected":false},"author":1,"featured_media":213,"parent":0,"menu_order":0,"comment_status":"closed","ping_status":"closed","template":"","meta":{"footnotes":"","_links_to":"","_links_to_target":""},"tags":[6,4],"class_list":["post-20","page","type-page","status-publish","has-post-thumbnail","hentry","tag-baia-mare","tag-paradigme-2014"],"_links":{"self":[{"href":"https:\/\/paradigme-bm.uvvg.ro\/index.php\/wp-json\/wp\/v2\/pages\/20","targetHints":{"allow":["GET"]}}],"collection":[{"href":"https:\/\/paradigme-bm.uvvg.ro\/index.php\/wp-json\/wp\/v2\/pages"}],"about":[{"href":"https:\/\/paradigme-bm.uvvg.ro\/index.php\/wp-json\/wp\/v2\/types\/page"}],"author":[{"embeddable":true,"href":"https:\/\/paradigme-bm.uvvg.ro\/index.php\/wp-json\/wp\/v2\/users\/1"}],"replies":[{"embeddable":true,"href":"https:\/\/paradigme-bm.uvvg.ro\/index.php\/wp-json\/wp\/v2\/comments?post=20"}],"version-history":[{"count":11,"href":"https:\/\/paradigme-bm.uvvg.ro\/index.php\/wp-json\/wp\/v2\/pages\/20\/revisions"}],"predecessor-version":[{"id":146,"href":"https:\/\/paradigme-bm.uvvg.ro\/index.php\/wp-json\/wp\/v2\/pages\/20\/revisions\/146"}],"wp:featuredmedia":[{"embeddable":true,"href":"https:\/\/paradigme-bm.uvvg.ro\/index.php\/wp-json\/wp\/v2\/media\/213"}],"wp:attachment":[{"href":"https:\/\/paradigme-bm.uvvg.ro\/index.php\/wp-json\/wp\/v2\/media?parent=20"}],"wp:term":[{"taxonomy":"post_tag","embeddable":true,"href":"https:\/\/paradigme-bm.uvvg.ro\/index.php\/wp-json\/wp\/v2\/tags?post=20"}],"curies":[{"name":"wp","href":"https:\/\/api.w.org\/{rel}","templated":true}]}}