{"id":236,"date":"2016-02-21T15:03:39","date_gmt":"2016-02-21T15:03:39","guid":{"rendered":"http:\/\/paradigme-bm.uvvg.ro\/?page_id=236"},"modified":"2016-02-21T19:40:42","modified_gmt":"2016-02-21T19:40:42","slug":"autori","status":"publish","type":"page","link":"https:\/\/paradigme-bm.uvvg.ro\/index.php\/autori\/","title":{"rendered":"Autori 2014"},"content":{"rendered":"<h2 style=\"text-align: justify;\">An I, nr. 1, 2014<\/h2>\n<ul style=\"text-align: justify;\">\n<li>Dr. <strong>Iacob ALTMAN<\/strong>\u00a0&#8211; <a href=\"https:\/\/paradigme-bm.uvvg.ro\/Articole\/Iacob ALTMAN.pdf\" target=\"_blank\">Care este diferen\u0163a dintre Economie \u015fi Meteorologie?<\/a><\/li>\n<li>Lect. univ. dr. <strong>Dan Ioan BOGDAN\u00a0<\/strong>&#8211;\u00a0<a href=\"https:\/\/paradigme-bm.uvvg.ro\/Articole\/Ioan BOGDAN.pdf\" target=\"_blank\">Geometriile sacre \u00een Maramure\u015f<\/a><\/li>\n<li>Lect. univ. dr. <strong>Melinda BREBAN<\/strong>\u00a0&#8211; <a href=\"https:\/\/paradigme-bm.uvvg.ro\/Articole\/Melinda BREBAN.pdf\" target=\"_blank\">Cauze \u015fi explica\u0163ii ale heterogamiei \u015fi homogamiei<\/a><\/li>\n<li>Asist. univ. dr. <strong>Nicolae CHIRCULESCU<\/strong>\u00a0&#8211; <a href=\"https:\/\/paradigme-bm.uvvg.ro\/Articole\/Nicolae CHIRCULESCU.pdf\" target=\"_blank\">Efectele sanogenetice ale sportului<\/a><\/li>\n<li>Lect. univ. dr. <strong>Victor Cornel FAUR<\/strong>\u00a0&#8211; <a href=\"https:\/\/paradigme-bm.uvvg.ro\/Articole\/Victor Cornel FAUR.pdf\" target=\"_blank\">Scurt\u0103 privire asupra poten\u0163ialului turistic al Maramure\u015fului<\/a><\/li>\n<li>Lect. univ. dr. <strong>Ilie GHERHE\u0218<\/strong>\u00a0&#8211; <a href=\"https:\/\/paradigme-bm.uvvg.ro\/Articole\/Ilie GHERHES.pdf\" target=\"_blank\">\u0162ara Maramure\u015fului, c\u00e2teva preeminen\u0163e istorice na\u0163ionale<\/a><\/li>\n<li>Lect. univ. dr. <strong>Ilie GHERHE\u0218<\/strong> &#8211; <a href=\"https:\/\/paradigme-bm.uvvg.ro\/Articole\/Ilie GHERHES despre MADUTA.pdf\" target=\"_blank\">Cristian M\u0103du\u0163\u0103: Concep\u0163ia filosofic\u0103 a lui V. Goldi\u015f asupra Istoriei<\/a><\/li>\n<li>Asist. univ. dr. <strong>C\u0103lin HER\u021aEG<\/strong>\u00a0&#8211; <a href=\"https:\/\/paradigme-bm.uvvg.ro\/Articole\/Calin HERTEG.pdf\" target=\"_blank\">Considera\u0163ii asupra percep\u0163iei \u00een istoria filosofiei<\/a><\/li>\n<li>Conf. univ. dr. <strong>Nicolae IUGA<\/strong>\u00a0&#8211; <a href=\"https:\/\/paradigme-bm.uvvg.ro\/Articole\/Nicolae IUGA.pdf\" target=\"_blank\">Se poate \u00eenv\u0103\u0163a oare Filosofia prin exemple<\/a><\/li>\n<li>Conf. univ. dr. <strong>Nicolae IUGA<\/strong>\u00a0&#8211; <a href=\"https:\/\/paradigme-bm.uvvg.ro\/Articole\/Nicolae IUGA despre MICLEA.pdf\" target=\"_blank\">Un filosof neotomist rom\u00e2n<\/a><\/li>\n<li>Lect. univ. dr. <strong>Ioan LESU\u021aAN <\/strong>&#8211; <a href=\"https:\/\/paradigme-bm.uvvg.ro\/Articole\/Nicolae IUGA despre MICLEA.pdf\" target=\"_blank\">Teoria competen\u0163ei comunicative la J. Habermas<\/a><\/li>\n<li>Prof. univ. dr. <strong>Ion MAC<\/strong>\u00a0&#8211; <a href=\"https:\/\/paradigme-bm.uvvg.ro\/Articole\/Ion MAC.pdf\" target=\"_blank\">Recenzie la o carte de reconstruc\u0163ie epistemologic\u0103<\/a><\/li>\n<li>Conf. univ. dr. <strong>Octavian M\u00c2NDRU\u021a<\/strong>\u00a0&#8211; <a href=\"https:\/\/paradigme-bm.uvvg.ro\/Articole\/Octavian MANDRUT.pdf\" target=\"_blank\">Integrarea Rom\u00e2niei \u00een UE: oportunit\u0103\u0163i \u015fi limite<\/a><\/li>\n<li>Prof. univ dr. <strong>Ovidiu PECICAN <\/strong>&#8211; <a href=\"https:\/\/paradigme-bm.uvvg.ro\/Articole\/Ovidiu PECICAN.pdf\" target=\"_blank\">Avalon. Goliarzii rom\u00e2ni<\/a><\/li>\n<li>Conf. univ. dr. <strong>C\u0103lin POP<\/strong>\u00a0&#8211; <a href=\"https:\/\/paradigme-bm.uvvg.ro\/Articole\/Antoniu PETRIS &amp; colab..pdf\" target=\"_blank\">Resuscitarea cardio-respiratorie \u00een \u015fcoal\u0103<\/a><\/li>\n<li>Prof. univ. dr. <strong>Viorel POP<\/strong>, ec. <strong>Doina POP<\/strong>\u00a0&#8211; <a href=\"https:\/\/paradigme-bm.uvvg.ro\/Articole\/Viorel POP, Doina Viorica POP.pdf\" target=\"_blank\">Particularit\u0103\u0163i ale procesului de dezvoltare durabil\u0103<\/a><\/li>\n<li>Prof. univ. dr. <strong>Viorel POP<\/strong>\u00a0&#8211; <a href=\"https:\/\/paradigme-bm.uvvg.ro\/Articole\/Viorel POP.pdf\" target=\"_blank\">Simposionul \u015ftiin\u0163ific anual desf\u0103\u015furat la Baia Mare<\/a><\/li>\n<li>Lect. univ. dr. <strong>Cornel Al. SABOU<\/strong>\u00a0&#8211; <a href=\"https:\/\/paradigme-bm.uvvg.ro\/Articole\/Cornel Al. SABOU.pdf\" target=\"_blank\">Importan\u0163a informa\u0163iei contabile \u00een institu\u0163ia de credit<\/a><\/li>\n<li>Conf. univ. dr. <strong>Felicia SABOU<\/strong>\u00a0&#8211; <a href=\"https:\/\/paradigme-bm.uvvg.ro\/Articole\/Felicia SABOU.pdf\" target=\"_blank\">Aspecte privind auditul activit\u0103\u0163ilor de Marketing<\/a><\/li>\n<\/ul>\n<ol style=\"text-align: justify;\">\n<li style=\"text-align: justify;\">Asist. univ. drd. <strong>Daniel SANISLAI<\/strong>\u00a0&#8211; <a href=\"https:\/\/paradigme-bm.uvvg.ro\/Articole\/Nicusor Daniel SANISLAI.pdf\" target=\"_blank\">Metode de analiz\u0103 a datelor hidrologice<\/a><\/li>\n<li style=\"text-align: justify;\">Prof. univ. dr. <strong>Gheorghe \u015eI\u0218E\u0218TEAN<\/strong>\u00a0&#8211; <a href=\"https:\/\/paradigme-bm.uvvg.ro\/Articole\/Gheorghe SISESTEAN.pdf\" target=\"_blank\">Maramure\u015ful-\u00eentre tradi\u0163ie \u015fi deconstruc\u0163ie identitar\u0103<\/a><\/li>\n<li style=\"text-align: justify;\">Lect. univ. dr. <strong>Magnolia TILCA<\/strong>\u00a0&#8211; <a href=\"https:\/\/paradigme-bm.uvvg.ro\/Articole\/Magnolia TILCA.pdf\" target=\"_blank\">20 de ani de Internet \u00een Rom\u00e2nia<\/a><\/li>\n<\/ol>\n<p style=\"text-align: justify;\">\n","protected":false},"excerpt":{"rendered":"<p>An I, nr. 1, 2014 Dr. Iacob ALTMAN\u00a0&#8211; Care este diferen\u0163a dintre Economie \u015fi Meteorologie? Lect. univ. dr. Dan Ioan BOGDAN\u00a0&#8211;\u00a0Geometriile sacre \u00een Maramure\u015f Lect. univ. dr. Melinda BREBAN\u00a0&#8211; Cauze \u015fi explica\u0163ii ale heterogamiei \u015fi homogamiei Asist. univ. dr. Nicolae &hellip; <a href=\"https:\/\/paradigme-bm.uvvg.ro\/index.php\/autori\/\">Continue reading <span class=\"meta-nav\">&rarr;<\/span><\/a><\/p>\n","protected":false},"author":1,"featured_media":0,"parent":0,"menu_order":0,"comment_status":"closed","ping_status":"closed","template":"","meta":{"footnotes":"","_links_to":"","_links_to_target":""},"tags":[],"class_list":["post-236","page","type-page","status-publish","hentry"],"_links":{"self":[{"href":"https:\/\/paradigme-bm.uvvg.ro\/index.php\/wp-json\/wp\/v2\/pages\/236","targetHints":{"allow":["GET"]}}],"collection":[{"href":"https:\/\/paradigme-bm.uvvg.ro\/index.php\/wp-json\/wp\/v2\/pages"}],"about":[{"href":"https:\/\/paradigme-bm.uvvg.ro\/index.php\/wp-json\/wp\/v2\/types\/page"}],"author":[{"embeddable":true,"href":"https:\/\/paradigme-bm.uvvg.ro\/index.php\/wp-json\/wp\/v2\/users\/1"}],"replies":[{"embeddable":true,"href":"https:\/\/paradigme-bm.uvvg.ro\/index.php\/wp-json\/wp\/v2\/comments?post=236"}],"version-history":[{"count":15,"href":"https:\/\/paradigme-bm.uvvg.ro\/index.php\/wp-json\/wp\/v2\/pages\/236\/revisions"}],"predecessor-version":[{"id":265,"href":"https:\/\/paradigme-bm.uvvg.ro\/index.php\/wp-json\/wp\/v2\/pages\/236\/revisions\/265"}],"wp:attachment":[{"href":"https:\/\/paradigme-bm.uvvg.ro\/index.php\/wp-json\/wp\/v2\/media?parent=236"}],"wp:term":[{"taxonomy":"post_tag","embeddable":true,"href":"https:\/\/paradigme-bm.uvvg.ro\/index.php\/wp-json\/wp\/v2\/tags?post=236"}],"curies":[{"name":"wp","href":"https:\/\/api.w.org\/{rel}","templated":true}]}}