{"id":335,"date":"2017-03-27T15:40:28","date_gmt":"2017-03-27T15:40:28","guid":{"rendered":"http:\/\/paradigme-bm.uvvg.ro\/?page_id=335"},"modified":"2017-04-05T08:27:23","modified_gmt":"2017-04-05T08:27:23","slug":"maria-maris-daraban","status":"publish","type":"page","link":"https:\/\/paradigme-bm.uvvg.ro\/index.php\/maria-maris-daraban\/","title":{"rendered":"Maria Mari\u0219 D\u0103r\u0103ban"},"content":{"rendered":"<p style=\"text-align: justify;\"><strong><img loading=\"lazy\" decoding=\"async\" class=\"wp-image-336 size-full alignleft\" src=\"https:\/\/paradigme-bm.uvvg.ro\/wp-content\/uploads\/2017\/03\/Maris-coperta-1.jpg\" alt=\"Maris coperta 1\" width=\"200\" height=\"146\" \/> <em>Maria Mari\u0219 D\u0103r\u0103ban<\/em><\/strong><em> (n. 19 dec. 1956 \u00een Apa, jud. Satu Mare) este absolvent\u0103 a Institutului de Arte Plastice \u201eIon Andreescu\u201d din Cluj-Napoca, promo\u021bia 1979. A avut mai multe expozi\u021bii personale \u00een \u021bar\u0103 (Baia Mare, Sibiu, Bucure\u0219ti) \u0219i \u00een str\u0103in\u0103tate, din care enumer\u0103m selectiv: Paris, Lyon, Montelimar (Fran\u021ba), Li\u00e8ge (Belgia), Washington \u0219i New York (SUA), Ottawa \u0219i Hamilton (Canada), Atena (Grecia), Viena (Austria). Are lucr\u0103ri \u00een colec\u021bii oficiale \u0219i particulare de pe aproape toate meridianele lumii.<\/em><\/p>\n<p style=\"text-align: justify;\"><strong><img loading=\"lazy\" decoding=\"async\" class=\"wp-image-337 size-full alignleft\" src=\"https:\/\/paradigme-bm.uvvg.ro\/wp-content\/uploads\/2017\/03\/Maris-coperta-4.jpg\" alt=\"Maris coperta 4\" width=\"200\" height=\"229\" \/> <\/strong><em>Criticul american de origine rom\u00e2n\u0103 M. N. Rusu scria, \u00eentr-o revist\u0103 care apare la New York: \u201eDac\u0103 ar fi s\u0103 aplic\u0103m conceptul de induc\u021bie predictiv\u0103 la pictura Mariei Mari\u0219 D\u0103r\u0103ban, am observa c\u0103 imaginile ei plastice sunt c\u0103l\u0103uze pentru o c\u0103l\u0103torie \u00eentr-o memorie ancestral\u0103 \u0219i mai pu\u021bin \u00eentr-una temporal\u0103 (&#8230;). \u00cen c\u0103l\u0103toria sa spre izvoarele sacre ale artei ne \u00eent\u00e2lnim cu \u201earhetipul\u201d Luchian \u0219i cu Andreescu \u0219i cu Grigorescu \u0219i cu Turner ori Monet \u0219i cu un fel de ruine imemoriale, dar toate aceste staze sunt evanescente, pentru c\u0103 interiorul peisajelor sale emite o muzicalitate colorat\u0103, \u00een care pasta cromatic\u0103 este a\u0219ezat\u0103 pe p\u00e2nz\u0103 cu o pan\u0103 \u00eengereasc\u0103\u201d (<strong>Gracious Light, New York, 1997).<\/strong><\/em><\/p>\n<p style=\"text-align: justify;\"><a href=\"https:\/\/paradigme-bm.uvvg.ro\/index.php\/numar-curent\/\">Back<\/a><\/p>\n","protected":false},"excerpt":{"rendered":"<p>Maria Mari\u0219 D\u0103r\u0103ban (n. 19 dec. 1956 \u00een Apa, jud. Satu Mare) este absolvent\u0103 a Institutului de Arte Plastice \u201eIon Andreescu\u201d din Cluj-Napoca, promo\u021bia 1979. A avut mai multe expozi\u021bii personale \u00een \u021bar\u0103 (Baia Mare, Sibiu, Bucure\u0219ti) \u0219i \u00een str\u0103in\u0103tate, &hellip; <a href=\"https:\/\/paradigme-bm.uvvg.ro\/index.php\/maria-maris-daraban\/\">Continue reading <span class=\"meta-nav\">&rarr;<\/span><\/a><\/p>\n","protected":false},"author":1,"featured_media":0,"parent":0,"menu_order":0,"comment_status":"closed","ping_status":"closed","template":"","meta":{"footnotes":"","_links_to":"","_links_to_target":""},"tags":[28],"class_list":["post-335","page","type-page","status-publish","hentry","tag-maria-maris-daraban"],"_links":{"self":[{"href":"https:\/\/paradigme-bm.uvvg.ro\/index.php\/wp-json\/wp\/v2\/pages\/335","targetHints":{"allow":["GET"]}}],"collection":[{"href":"https:\/\/paradigme-bm.uvvg.ro\/index.php\/wp-json\/wp\/v2\/pages"}],"about":[{"href":"https:\/\/paradigme-bm.uvvg.ro\/index.php\/wp-json\/wp\/v2\/types\/page"}],"author":[{"embeddable":true,"href":"https:\/\/paradigme-bm.uvvg.ro\/index.php\/wp-json\/wp\/v2\/users\/1"}],"replies":[{"embeddable":true,"href":"https:\/\/paradigme-bm.uvvg.ro\/index.php\/wp-json\/wp\/v2\/comments?post=335"}],"version-history":[{"count":1,"href":"https:\/\/paradigme-bm.uvvg.ro\/index.php\/wp-json\/wp\/v2\/pages\/335\/revisions"}],"predecessor-version":[{"id":338,"href":"https:\/\/paradigme-bm.uvvg.ro\/index.php\/wp-json\/wp\/v2\/pages\/335\/revisions\/338"}],"wp:attachment":[{"href":"https:\/\/paradigme-bm.uvvg.ro\/index.php\/wp-json\/wp\/v2\/media?parent=335"}],"wp:term":[{"taxonomy":"post_tag","embeddable":true,"href":"https:\/\/paradigme-bm.uvvg.ro\/index.php\/wp-json\/wp\/v2\/tags?post=335"}],"curies":[{"name":"wp","href":"https:\/\/api.w.org\/{rel}","templated":true}]}}