{"id":60,"date":"2016-02-15T12:19:19","date_gmt":"2016-02-15T12:19:19","guid":{"rendered":"http:\/\/paradigme-bm.uvvg.ro\/?page_id=60"},"modified":"2016-02-19T08:32:55","modified_gmt":"2016-02-19T08:32:55","slug":"prezentare-nr-1-2014","status":"publish","type":"page","link":"https:\/\/paradigme-bm.uvvg.ro\/index.php\/prezentare-nr-1-2014\/","title":{"rendered":"Prezentare NR. 1 &#8211; 2014"},"content":{"rendered":"<p style=\"text-align: center;\"><strong>Paradigme universitare b\u0103im\u0103rene \u00a0<\/strong><\/p>\n<p style=\"text-align: center;\"><strong>An I, nr. 1 \/ 2014<\/strong><\/p>\n<p style=\"text-align: center;\"><img loading=\"lazy\" decoding=\"async\" class=\"alignnone wp-image-204 \" src=\"https:\/\/paradigme-bm.uvvg.ro\/wp-content\/uploads\/2016\/02\/coperta_paradigme-coperta-1-209x300.jpg\" alt=\"coperta_paradigme - coperta 1\" width=\"190\" height=\"273\" srcset=\"https:\/\/paradigme-bm.uvvg.ro\/wp-content\/uploads\/2016\/02\/coperta_paradigme-coperta-1-209x300.jpg 209w, https:\/\/paradigme-bm.uvvg.ro\/wp-content\/uploads\/2016\/02\/coperta_paradigme-coperta-1-768x1104.jpg 768w, https:\/\/paradigme-bm.uvvg.ro\/wp-content\/uploads\/2016\/02\/coperta_paradigme-coperta-1-712x1024.jpg 712w\" sizes=\"auto, (max-width: 190px) 100vw, 190px\" \/><\/p>\n<p><strong>Tema: <\/strong><em>abord\u0103ri \u0219tiin\u021bifice de actualitate<\/em><\/p>\n<p><strong>Ilustra\u021bie:<\/strong> num\u0103r ilustrat cu grafic\u0103 de <a href=\"https:\/\/paradigme-bm.uvvg.ro\/index.php\/vasile-kazar\/\" target=\"_blank\">Vasile KAZAR<\/a><\/p>\n<h4>Tehnoredactare: Ion NEGRU<\/h4>\n<h4>Corectura: C\u0103lin HER\u021aEG<\/h4>\n<h4>Coperta: Remus HERI\u0218ANU<\/h4>\n<p><strong>e-mail:<\/strong> <a href=\"&#109;&#x61;i&#108;&#x74;&#111;&#x3a;p&#97;&#x72;a&#x64;&#x69;&#103;&#x6d;e&#45;&#x62;m&#x40;&#x75;&#118;&#x76;g&#46;&#x72;&#111;\" target=\"_blank\">para&#100;&#105;&#103;&#109;&#101;&#45;&#98;&#x6d;&#x40;&#x75;&#x76;&#x76;&#x67;&#x2e;&#x72;&#x6f;<\/a><\/p>\n<p><strong>ISSN:<\/strong> 2359-7437<\/p>\n<p><strong>Adresa:<\/strong>\u00a0 Universitatea de Vest Vasile Goldi\u0219, Filiala Baia Mare, Str. Culturii, nr. 5,\u00a0Baia Mare, tel. 0262-213302, 0744-515942<\/p>\n<p><strong>\u00a0<\/strong><\/p>\n","protected":false},"excerpt":{"rendered":"<p>Paradigme universitare b\u0103im\u0103rene \u00a0 An I, nr. 1 \/ 2014 Tema: abord\u0103ri \u0219tiin\u021bifice de actualitate Ilustra\u021bie: num\u0103r ilustrat cu grafic\u0103 de Vasile KAZAR Tehnoredactare: Ion NEGRU Corectura: C\u0103lin HER\u021aEG Coperta: Remus HERI\u0218ANU e-mail: &#112;&#x61;&#114;&#x61;&#100;&#x69;&#103;&#x6d;&#101;&#x2d;&#98;&#x6d;&#64;&#x75;v&#x76;g&#x2e;r&#x6f; ISSN: 2359-7437 Adresa:\u00a0 Universitatea de Vest &hellip; <a href=\"https:\/\/paradigme-bm.uvvg.ro\/index.php\/prezentare-nr-1-2014\/\">Continue reading <span class=\"meta-nav\">&rarr;<\/span><\/a><\/p>\n","protected":false},"author":1,"featured_media":0,"parent":0,"menu_order":0,"comment_status":"closed","ping_status":"closed","template":"","meta":{"footnotes":"","_links_to":"","_links_to_target":""},"tags":[],"class_list":["post-60","page","type-page","status-publish","hentry"],"_links":{"self":[{"href":"https:\/\/paradigme-bm.uvvg.ro\/index.php\/wp-json\/wp\/v2\/pages\/60","targetHints":{"allow":["GET"]}}],"collection":[{"href":"https:\/\/paradigme-bm.uvvg.ro\/index.php\/wp-json\/wp\/v2\/pages"}],"about":[{"href":"https:\/\/paradigme-bm.uvvg.ro\/index.php\/wp-json\/wp\/v2\/types\/page"}],"author":[{"embeddable":true,"href":"https:\/\/paradigme-bm.uvvg.ro\/index.php\/wp-json\/wp\/v2\/users\/1"}],"replies":[{"embeddable":true,"href":"https:\/\/paradigme-bm.uvvg.ro\/index.php\/wp-json\/wp\/v2\/comments?post=60"}],"version-history":[{"count":24,"href":"https:\/\/paradigme-bm.uvvg.ro\/index.php\/wp-json\/wp\/v2\/pages\/60\/revisions"}],"predecessor-version":[{"id":210,"href":"https:\/\/paradigme-bm.uvvg.ro\/index.php\/wp-json\/wp\/v2\/pages\/60\/revisions\/210"}],"wp:attachment":[{"href":"https:\/\/paradigme-bm.uvvg.ro\/index.php\/wp-json\/wp\/v2\/media?parent=60"}],"wp:term":[{"taxonomy":"post_tag","embeddable":true,"href":"https:\/\/paradigme-bm.uvvg.ro\/index.php\/wp-json\/wp\/v2\/tags?post=60"}],"curies":[{"name":"wp","href":"https:\/\/api.w.org\/{rel}","templated":true}]}}